{"id":48,"date":"2026-04-12T12:44:11","date_gmt":"2026-04-12T12:44:11","guid":{"rendered":"https:\/\/lulucoworking.com\/?page_id=48"},"modified":"2026-04-12T14:43:46","modified_gmt":"2026-04-12T14:43:46","slug":"accueil","status":"publish","type":"page","link":"https:\/\/lulucoworking.com\/","title":{"rendered":"Bienvenue dans votre espace coworking beaut\u00e9"},"content":{"rendered":"\n<div class=\"wp-block-group alignfull is-nowrap is-layout-flex wp-container-core-group-is-layout-65fe999b wp-block-group-is-layout-flex\" style=\"padding-top:var(--wp--preset--spacing--50);padding-right:var(--wp--preset--spacing--50);padding-bottom:var(--wp--preset--spacing--50);padding-left:var(--wp--preset--spacing--50)\">\n<div class=\"wp-block-group has-global-padding is-layout-constrained wp-container-core-group-is-layout-650790e1 wp-block-group-is-layout-constrained\">\n<h1 class=\"wp-block-heading has-text-align-center has-x-large-font-size\">Un coworking pens\u00e9 pour les coiffeurs ind\u00e9pendants<\/h1>\n\n\n\n<div style=\"height:1.25rem\" aria-hidden=\"true\" class=\"wp-block-spacer\"><\/div>\n\n\n\n<p class=\"has-text-align-left\">\u00c9tudes is a pioneering firm that seamlessly merges creativity and functionality to redefine architectural excellence.<\/p>\n\n\n\n<div style=\"height:1.25rem\" aria-hidden=\"true\" class=\"wp-block-spacer\"><\/div>\n\n\n\n<div class=\"wp-block-buttons is-content-justification-center is-layout-flex wp-container-core-buttons-is-layout-a89b3969 wp-block-buttons-is-layout-flex\">\n<div class=\"wp-block-button\"><a class=\"wp-block-button__link wp-element-button\">About us<\/a><\/div>\n<\/div>\n<\/div>\n\n\n\n<div style=\"height:min(2.5rem, 3vw);width:0px\" aria-hidden=\"true\" class=\"wp-block-spacer wp-container-content-32e3a40d\"><\/div>\n\n\n\n<figure class=\"wp-block-image alignwide size-full is-style-rounded is-style-rounded--1\"><img loading=\"lazy\" decoding=\"async\" width=\"360\" height=\"240\" src=\"https:\/\/lulucoworking.com\/wp-content\/uploads\/2026\/04\/lulucoworking_3-1-edited.jpg\" alt=\"\" class=\"wp-image-69\" srcset=\"https:\/\/lulucoworking.com\/wp-content\/uploads\/2026\/04\/lulucoworking_3-1-edited.jpg 360w, https:\/\/lulucoworking.com\/wp-content\/uploads\/2026\/04\/lulucoworking_3-1-edited-300x200.jpg 300w, https:\/\/lulucoworking.com\/wp-content\/uploads\/2026\/04\/lulucoworking_3-1-edited-18x12.jpg 18w\" sizes=\"auto, (max-width: 360px) 100vw, 360px\" \/><\/figure>\n<\/div>\n\n\n\n\n\n\n\n\n\n\n","protected":false},"excerpt":{"rendered":"<p>Un coworking pens\u00e9 pour les coiffeurs ind\u00e9pendants \u00c9tudes is a pioneering firm that seamlessly merges creativity and functionality to redefine architectural excellence. A passion for creating spaces Our comprehensive suite of professional services caters to a diverse clientele, ranging from homeowners to commercial developers. Renovation and restoration Experience the fusion of imagination and expertise with [&hellip;]<\/p>\n","protected":false},"author":1,"featured_media":58,"parent":0,"menu_order":0,"comment_status":"closed","ping_status":"closed","template":"","meta":{"footnotes":""},"class_list":["post-48","page","type-page","status-publish","has-post-thumbnail","hentry"],"yoast_head":"<!-- This site is optimized with the Yoast SEO plugin v27.4 - https:\/\/yoast.com\/product\/yoast-seo-wordpress\/ -->\n<title>Bienvenue dans votre espace coworking beaut\u00e9 - lulucoworking.com<\/title>\n<meta name=\"robots\" content=\"index, follow, max-snippet:-1, max-image-preview:large, max-video-preview:-1\" \/>\n<link rel=\"canonical\" href=\"https:\/\/lulucoworking.com\/\" \/>\n<meta property=\"og:locale\" content=\"en_US\" \/>\n<meta property=\"og:type\" content=\"article\" \/>\n<meta property=\"og:title\" content=\"Bienvenue dans votre espace coworking beaut\u00e9 - lulucoworking.com\" \/>\n<meta property=\"og:description\" content=\"Un coworking pens\u00e9 pour les coiffeurs ind\u00e9pendants \u00c9tudes is a pioneering firm that seamlessly merges creativity and functionality to redefine architectural excellence. A passion for creating spaces Our comprehensive suite of professional services caters to a diverse clientele, ranging from homeowners to commercial developers. Renovation and restoration Experience the fusion of imagination and expertise with [&hellip;]\" \/>\n<meta property=\"og:url\" content=\"https:\/\/lulucoworking.com\/\" \/>\n<meta property=\"og:site_name\" content=\"lulucoworking.com\" \/>\n<meta property=\"article:modified_time\" content=\"2026-04-12T14:43:46+00:00\" \/>\n<meta property=\"og:image\" content=\"https:\/\/lulucoworking.com\/wp-content\/uploads\/2026\/04\/ChatGPT-Image-Apr-12-2026-01_27_40-PM-2-683x1024.png\" \/>\n\t<meta property=\"og:image:width\" content=\"683\" \/>\n\t<meta property=\"og:image:height\" content=\"1024\" \/>\n\t<meta property=\"og:image:type\" content=\"image\/png\" \/>\n<meta name=\"twitter:card\" content=\"summary_large_image\" \/>\n<meta name=\"twitter:label1\" content=\"Est. reading time\" \/>\n\t<meta name=\"twitter:data1\" content=\"1 minute\" \/>\n<script type=\"application\/ld+json\" class=\"yoast-schema-graph\">{\"@context\":\"https:\\\/\\\/schema.org\",\"@graph\":[{\"@type\":\"WebPage\",\"@id\":\"https:\\\/\\\/lulucoworking.com\\\/\",\"url\":\"https:\\\/\\\/lulucoworking.com\\\/\",\"name\":\"Bienvenue dans votre espace coworking beaut\u00e9 - lulucoworking.com\",\"isPartOf\":{\"@id\":\"https:\\\/\\\/lulucoworking.com\\\/#website\"},\"primaryImageOfPage\":{\"@id\":\"https:\\\/\\\/lulucoworking.com\\\/#primaryimage\"},\"image\":{\"@id\":\"https:\\\/\\\/lulucoworking.com\\\/#primaryimage\"},\"thumbnailUrl\":\"https:\\\/\\\/lulucoworking.com\\\/wp-content\\\/uploads\\\/2026\\\/04\\\/ChatGPT-Image-Apr-12-2026-01_27_40-PM-2.png\",\"datePublished\":\"2026-04-12T12:44:11+00:00\",\"dateModified\":\"2026-04-12T14:43:46+00:00\",\"breadcrumb\":{\"@id\":\"https:\\\/\\\/lulucoworking.com\\\/#breadcrumb\"},\"inLanguage\":\"en-US\",\"potentialAction\":[{\"@type\":\"ReadAction\",\"target\":[\"https:\\\/\\\/lulucoworking.com\\\/\"]}]},{\"@type\":\"ImageObject\",\"inLanguage\":\"en-US\",\"@id\":\"https:\\\/\\\/lulucoworking.com\\\/#primaryimage\",\"url\":\"https:\\\/\\\/lulucoworking.com\\\/wp-content\\\/uploads\\\/2026\\\/04\\\/ChatGPT-Image-Apr-12-2026-01_27_40-PM-2.png\",\"contentUrl\":\"https:\\\/\\\/lulucoworking.com\\\/wp-content\\\/uploads\\\/2026\\\/04\\\/ChatGPT-Image-Apr-12-2026-01_27_40-PM-2.png\",\"width\":1024,\"height\":1536},{\"@type\":\"BreadcrumbList\",\"@id\":\"https:\\\/\\\/lulucoworking.com\\\/#breadcrumb\",\"itemListElement\":[{\"@type\":\"ListItem\",\"position\":1,\"name\":\"Home\",\"item\":\"https:\\\/\\\/lulucoworking.com\\\/\"},{\"@type\":\"ListItem\",\"position\":2,\"name\":\"Bienvenue dans votre espace coworking beaut\u00e9\"}]},{\"@type\":\"WebSite\",\"@id\":\"https:\\\/\\\/lulucoworking.com\\\/#website\",\"url\":\"https:\\\/\\\/lulucoworking.com\\\/\",\"name\":\"lulucoworking.com\",\"description\":\"\",\"potentialAction\":[{\"@type\":\"SearchAction\",\"target\":{\"@type\":\"EntryPoint\",\"urlTemplate\":\"https:\\\/\\\/lulucoworking.com\\\/?s={search_term_string}\"},\"query-input\":{\"@type\":\"PropertyValueSpecification\",\"valueRequired\":true,\"valueName\":\"search_term_string\"}}],\"inLanguage\":\"en-US\"}]}<\/script>\n<!-- \/ Yoast SEO plugin. -->","yoast_head_json":{"title":"Bienvenue dans votre espace coworking beaut\u00e9 - lulucoworking.com","robots":{"index":"index","follow":"follow","max-snippet":"max-snippet:-1","max-image-preview":"max-image-preview:large","max-video-preview":"max-video-preview:-1"},"canonical":"https:\/\/lulucoworking.com\/","og_locale":"en_US","og_type":"article","og_title":"Bienvenue dans votre espace coworking beaut\u00e9 - lulucoworking.com","og_description":"Un coworking pens\u00e9 pour les coiffeurs ind\u00e9pendants \u00c9tudes is a pioneering firm that seamlessly merges creativity and functionality to redefine architectural excellence. A passion for creating spaces Our comprehensive suite of professional services caters to a diverse clientele, ranging from homeowners to commercial developers. Renovation and restoration Experience the fusion of imagination and expertise with [&hellip;]","og_url":"https:\/\/lulucoworking.com\/","og_site_name":"lulucoworking.com","article_modified_time":"2026-04-12T14:43:46+00:00","og_image":[{"width":683,"height":1024,"url":"https:\/\/lulucoworking.com\/wp-content\/uploads\/2026\/04\/ChatGPT-Image-Apr-12-2026-01_27_40-PM-2-683x1024.png","type":"image\/png"}],"twitter_card":"summary_large_image","twitter_misc":{"Est. reading time":"1 minute"},"schema":{"@context":"https:\/\/schema.org","@graph":[{"@type":"WebPage","@id":"https:\/\/lulucoworking.com\/","url":"https:\/\/lulucoworking.com\/","name":"Bienvenue dans votre espace coworking beaut\u00e9 - lulucoworking.com","isPartOf":{"@id":"https:\/\/lulucoworking.com\/#website"},"primaryImageOfPage":{"@id":"https:\/\/lulucoworking.com\/#primaryimage"},"image":{"@id":"https:\/\/lulucoworking.com\/#primaryimage"},"thumbnailUrl":"https:\/\/lulucoworking.com\/wp-content\/uploads\/2026\/04\/ChatGPT-Image-Apr-12-2026-01_27_40-PM-2.png","datePublished":"2026-04-12T12:44:11+00:00","dateModified":"2026-04-12T14:43:46+00:00","breadcrumb":{"@id":"https:\/\/lulucoworking.com\/#breadcrumb"},"inLanguage":"en-US","potentialAction":[{"@type":"ReadAction","target":["https:\/\/lulucoworking.com\/"]}]},{"@type":"ImageObject","inLanguage":"en-US","@id":"https:\/\/lulucoworking.com\/#primaryimage","url":"https:\/\/lulucoworking.com\/wp-content\/uploads\/2026\/04\/ChatGPT-Image-Apr-12-2026-01_27_40-PM-2.png","contentUrl":"https:\/\/lulucoworking.com\/wp-content\/uploads\/2026\/04\/ChatGPT-Image-Apr-12-2026-01_27_40-PM-2.png","width":1024,"height":1536},{"@type":"BreadcrumbList","@id":"https:\/\/lulucoworking.com\/#breadcrumb","itemListElement":[{"@type":"ListItem","position":1,"name":"Home","item":"https:\/\/lulucoworking.com\/"},{"@type":"ListItem","position":2,"name":"Bienvenue dans votre espace coworking beaut\u00e9"}]},{"@type":"WebSite","@id":"https:\/\/lulucoworking.com\/#website","url":"https:\/\/lulucoworking.com\/","name":"lulucoworking.com","description":"","potentialAction":[{"@type":"SearchAction","target":{"@type":"EntryPoint","urlTemplate":"https:\/\/lulucoworking.com\/?s={search_term_string}"},"query-input":{"@type":"PropertyValueSpecification","valueRequired":true,"valueName":"search_term_string"}}],"inLanguage":"en-US"}]}},"brizy_media":[],"_links":{"self":[{"href":"https:\/\/lulucoworking.com\/index.php?rest_route=\/wp\/v2\/pages\/48","targetHints":{"allow":["GET"]}}],"collection":[{"href":"https:\/\/lulucoworking.com\/index.php?rest_route=\/wp\/v2\/pages"}],"about":[{"href":"https:\/\/lulucoworking.com\/index.php?rest_route=\/wp\/v2\/types\/page"}],"author":[{"embeddable":true,"href":"https:\/\/lulucoworking.com\/index.php?rest_route=\/wp\/v2\/users\/1"}],"replies":[{"embeddable":true,"href":"https:\/\/lulucoworking.com\/index.php?rest_route=%2Fwp%2Fv2%2Fcomments&post=48"}],"version-history":[{"count":4,"href":"https:\/\/lulucoworking.com\/index.php?rest_route=\/wp\/v2\/pages\/48\/revisions"}],"predecessor-version":[{"id":71,"href":"https:\/\/lulucoworking.com\/index.php?rest_route=\/wp\/v2\/pages\/48\/revisions\/71"}],"wp:featuredmedia":[{"embeddable":true,"href":"https:\/\/lulucoworking.com\/index.php?rest_route=\/wp\/v2\/media\/58"}],"wp:attachment":[{"href":"https:\/\/lulucoworking.com\/index.php?rest_route=%2Fwp%2Fv2%2Fmedia&parent=48"}],"curies":[{"name":"wp","href":"https:\/\/api.w.org\/{rel}","templated":true}]}}